{"id":17449,"date":"2018-10-04T09:58:28","date_gmt":"2018-10-04T09:58:28","guid":{"rendered":"https:\/\/www.maestromanolo.es\/?page_id=17449"},"modified":"2025-06-18T07:28:39","modified_gmt":"2025-06-18T07:28:39","slug":"historia","status":"publish","type":"page","link":"https:\/\/www.maestromanolo.es\/en\/historia\/","title":{"rendered":"History"},"content":{"rendered":"<div class=\"wpb-content-wrapper\">[vc_row][vc_column][vc_custom_heading text=&#8221;Maestro Manolo: Desde 1964&#8243; font_container=&#8221;tag:h1|text_align:center&#8221; use_theme_fonts=&#8221;yes&#8221; el_id=&#8221;tienda&#8221;][\/vc_column][\/vc_row][vc_row][vc_column offset=&#8221;vc_col-xs-11&#8243;][vc_column_text]<strong>Maestro Manolo S.L.<\/strong> es una de las empresas lideres en Europa en la compra y venta de equipos para la producci\u00f3n de caramelos, chocolate, chicles, gominolas, piruletas, galletas y productos varios para la secci\u00f3n de confiter\u00eda, tambi\u00e9n equipos de envasado, y estamos especializados en maquinas de recubrimiento de bandejas.<\/p>\n<p>Esta empresa es un negocio familiar que trabaja para satisfacer las necesidades de nuestros clientes en equipos de confiter\u00eda desde el a\u00f1o 1.964. Todo comenz\u00f3 cuando nuestro padre y fundador Manuel Valle, que era un gran maestro confitero y de productos recubiertos, decidi\u00f3 instalar una peque\u00f1a f\u00e1brica de caramelos en nuestra ciudad, posteriormente dej\u00f3 la producci\u00f3n para dedicarse por completo a la compra y venta de maquinaria despu\u00e9s de vender algunas m\u00e1quinas mientras fabricaba caramelos. En aquella \u00e9poca, nuestro padre solo vend\u00eda m\u00e1quinas en Espa\u00f1a ya que hab\u00eda muchas empresas en producci\u00f3n en nuestro pa\u00eds, pero posteriormente muchas de estas empresas cerraron, por lo que fue necesario dar un cambio completo al sistema de ventas y en 1.998 creamos nuestra primera p\u00e1gina web, y empezamos los cinco hijos de Manuel a dar mayor expansi\u00f3n a la empresa comprando y vendiendo m\u00e1quinas fuera de Espa\u00f1a, por todo el mundo.<\/p>\n<p>Desde ese momento, estamos vendiendo y comprando maquinaria de caramelo a nuestros clientes y amigos, buscando poder satisfacer a nuestros clientes, e intentando ayudar a sus empresas a crecer con asesoramiento personalizado y suministro de equipamiento tecnol\u00f3gico.<\/p>\n<p>En la actualidad, <strong>Maestro Manolo es una empresa con clientes en muchos pa\u00edses del mundo<\/strong>, en <strong>Europa<\/strong> y otros muchos pa\u00edses como <strong>EEUU<\/strong>, <strong>Canad\u00e1, Australia, pa\u00edses de Am\u00e9rica Central y del Sur, Pa\u00edses \u00c1rabes, India, China, Nepal y pa\u00edses del Norte y Sur de \u00c1frica<\/strong>. Tenemos una alta tasa de exportaci\u00f3n alcanzada con muchos a\u00f1os de dedicaci\u00f3n y trabajo, y nuestra prioridad es conseguir la plena satisfacci\u00f3n de nuestros clientes.[\/vc_column_text][vc_column_text]\n<blockquote>\n<p>&#8220;Queremos agradecer desde el equipo directivo, la colaboraci\u00f3n ofrecida por nuestros proveedores y amigos, gracias tambi\u00e9n a nuestros empleados por su buen hacer y gracias especialmente a nuestros clientes por su confianza depositada en nosotros durante tantos a\u00f1os, ayud\u00e1ndonos, de esta manera, a conseguir el progreso y crecimiento de nuestra empresa. Esperamos tener la oportunidad de seguir ofreciendo nuestra colaboraci\u00f3n para que nuestros clientes consigan que esta Industria de la Confiter\u00eda siga creciendo durante muchos a\u00f1os.&#8221;<\/p>\n<\/blockquote>\n[\/vc_column_text][\/vc_column][\/vc_row]\n<\/div>","protected":false},"excerpt":{"rendered":"<p>[vc_row][vc_column][vc_custom_heading text=&#8221;Maestro Manolo: Desde 1964&#8243; font_container=&#8221;tag:h1|text_align:center&#8221; use_theme_fonts=&#8221;yes&#8221; el_id=&#8221;tienda&#8221;][\/vc_column][\/vc_row][vc_row][vc_column offset=&#8221;vc_col-xs-11&#8243;][vc_column_text]Maestro Manolo S.L. es una de las empresas lideres en Europa en la compra y venta de equipos para la producci\u00f3n de caramelos, chocolate, chicles, gominolas, piruletas, galletas y productos varios para la secci\u00f3n de confiter\u00eda, tambi\u00e9n equipos de envasado, y estamos especializados en maquinas de recubrimiento de bandejas. Esta empresa es un negocio familiar que trabaja para satisfacer las necesidades de nuestros clientes en equipos de confiter\u00eda desde el a\u00f1o 1.964. Todo comenz\u00f3 cuando nuestro padre y fundador Manuel Valle, que era un gran maestro confitero y de productos recubiertos, decidi\u00f3 [&hellip;]<\/p>\n","protected":false},"author":1,"featured_media":0,"parent":0,"menu_order":0,"comment_status":"closed","ping_status":"closed","template":"","meta":{"footnotes":""},"class_list":["post-17449","page","type-page","status-publish","hentry"],"_links":{"self":[{"href":"https:\/\/www.maestromanolo.es\/en\/wp-json\/wp\/v2\/pages\/17449","targetHints":{"allow":["GET"]}}],"collection":[{"href":"https:\/\/www.maestromanolo.es\/en\/wp-json\/wp\/v2\/pages"}],"about":[{"href":"https:\/\/www.maestromanolo.es\/en\/wp-json\/wp\/v2\/types\/page"}],"author":[{"embeddable":true,"href":"https:\/\/www.maestromanolo.es\/en\/wp-json\/wp\/v2\/users\/1"}],"replies":[{"embeddable":true,"href":"https:\/\/www.maestromanolo.es\/en\/wp-json\/wp\/v2\/comments?post=17449"}],"version-history":[{"count":34,"href":"https:\/\/www.maestromanolo.es\/en\/wp-json\/wp\/v2\/pages\/17449\/revisions"}],"predecessor-version":[{"id":19859,"href":"https:\/\/www.maestromanolo.es\/en\/wp-json\/wp\/v2\/pages\/17449\/revisions\/19859"}],"wp:attachment":[{"href":"https:\/\/www.maestromanolo.es\/en\/wp-json\/wp\/v2\/media?parent=17449"}],"curies":[{"name":"wp","href":"https:\/\/api.w.org\/{rel}","templated":true}]}}